{"id":11,"date":"2017-08-09T17:08:10","date_gmt":"2017-08-09T15:08:10","guid":{"rendered":"http:\/\/pm-tga.de\/wordpress\/?page_id=11"},"modified":"2025-04-28T08:54:51","modified_gmt":"2025-04-28T06:54:51","slug":"referenzen","status":"publish","type":"page","link":"https:\/\/pm-tga.de\/wordpress\/referenzen\/","title":{"rendered":"Referenzen"},"content":{"rendered":"<h1>Referenzen<\/h1>\n<h4><em><strong>(Ausf\u00fchrung\/Fertigstellung):<\/strong><\/em><\/h4>\n<p><em><strong>(2024-25) Aromengb\u00e4ude 6 in Henstedt-Ulzburg<br \/>\n<\/strong><\/em><span style=\"display: inline !important; float: none; background-color: #ffffff; color: #404040; cursor: text; font-family: 'Open Sans',sans-serif; font-size: 16px; font-style: normal; font-variant: normal; font-weight: 400; letter-spacing: normal; orphans: 2; text-align: left; text-decoration: none; text-indent: 0px; text-transform: none; -webkit-text-stroke-width: 0px; white-space: normal; word-spacing: 0px;\">Neubau einer Produktionshalle<\/span><br \/>\n<span style=\"display: inline !important; float: none; background-color: #ffffff; color: #404040; cursor: text; font-family: 'Open Sans',sans-serif; font-size: 16px; font-style: normal; font-variant: normal; font-weight: 400; letter-spacing: normal; orphans: 2; text-align: left; text-decoration: none; text-indent: 0px; text-transform: none; -webkit-text-stroke-width: 0px; white-space: normal; word-spacing: 0px;\">Gewerke HZG, K\u00e4lte, SAN<\/span><br \/>\n<span style=\"display: inline !important; float: none; background-color: #ffffff; color: #404040; cursor: text; font-family: 'Open Sans',sans-serif; font-size: 16px; font-style: normal; font-variant: normal; font-weight: 400; letter-spacing: normal; orphans: 2; text-align: left; text-decoration: none; text-indent: 0px; text-transform: none; -webkit-text-stroke-width: 0px; white-space: normal; word-spacing: 0px;\">Projektbearbeitung in der Gewerkeausf\u00fchrung und Inbetriebnahme f\u00fcr die Firma Berger &amp; Co.<\/span><span style=\"display: inline !important; float: none; background-color: #ffffff; color: #404040; cursor: text; font-family: 'Open Sans',sans-serif; font-size: 16px; font-style: normal; font-variant: normal; font-weight: 400; letter-spacing: normal; orphans: 2; text-align: left; text-decoration: none; text-indent: 0px; text-transform: none; -webkit-text-stroke-width: 0px; white-space: normal; word-spacing: 0px;\"><span style=\"display: inline !important; float: none; background-color: transparent; color: #404040; cursor: text; font-family: 'Open Sans',sans-serif; font-size: 16px; font-style: normal; font-variant: normal; font-weight: 400; letter-spacing: normal; orphans: 2; text-align: left; text-decoration: none; text-indent: 0px; text-transform: none; -webkit-text-stroke-width: 0px; white-space: normal; word-spacing: 0px;\">\u00a0GmbH<\/span><\/span><\/p>\n<p><em><strong>(2023-24) JAZZ, Baufeld 84 in der HafenCity Hamburg<br \/>\n<\/strong><\/em><span style=\"display: inline !important; float: none; background-color: #ffffff; color: #404040; cursor: text; font-family: 'Open Sans',sans-serif; font-size: 16px; font-style: normal; font-variant: normal; font-weight: 400; letter-spacing: normal; orphans: 2; text-align: left; text-decoration: none; text-indent: 0px; text-transform: none; -webkit-text-stroke-width: 0px; white-space: normal; word-spacing: 0px;\">Neubau von sieben 7-geschossigen Wohngeb\u00e4uden mit Gewerbefl\u00e4chen im EG+ZG\u00a0 \u00a0 \u00a0 \u00a0 \u00a0 \u00a0 \u00a0 \u00a0 \u00a0 \u00a0 \u00a0 \u00a0 \u00a0 \u00a0 \u00a0 \u00a0 \u00a0 \u00a0 \u00a0 <\/span><span style=\"display: inline !important; float: none; background-color: #ffffff; color: #404040; cursor: text; font-family: 'Open Sans',sans-serif; font-size: 16px; font-style: normal; font-variant: normal; font-weight: 400; letter-spacing: normal; orphans: 2; text-align: left; text-decoration: none; text-indent: 0px; text-transform: none; -webkit-text-stroke-width: 0px; white-space: normal; word-spacing: 0px;\">und einer offenen Tiefgarage<\/span><br \/>\n<span style=\"display: inline !important; float: none; background-color: #ffffff; color: #404040; cursor: text; font-family: 'Open Sans',sans-serif; font-size: 16px; font-style: normal; font-variant: normal; font-weight: 400; letter-spacing: normal; orphans: 2; text-align: left; text-decoration: none; text-indent: 0px; text-transform: none; -webkit-text-stroke-width: 0px; white-space: normal; word-spacing: 0px;\">Gewerke RLT, HZG, K\u00e4lte, SAN, MSR, ELT<\/span><br \/>\n<span style=\"display: inline !important; float: none; background-color: #ffffff; color: #404040; cursor: text; font-family: 'Open Sans',sans-serif; font-size: 16px; font-style: normal; font-variant: normal; font-weight: 400; letter-spacing: normal; orphans: 2; text-align: left; text-decoration: none; text-indent: 0px; text-transform: none; -webkit-text-stroke-width: 0px; white-space: normal; word-spacing: 0px;\"> GU-Controlling der TGA im Namen des Bauherrn Quantum Immobilien AG\u00a0 \u00a0 \u00a0 \u00a0 \u00a0 \u00a0 \u00a0 \u00a0 \u00a0 \u00a0 \u00a0 \u00a0 \u00a0 \u00a0 \u00a0 \u00a0 \u00a0 \u00a0 \u00a0 \u00a0 \u00a0 \u00a0 \u00a0 \u00a0 \u00a0 \u00a0 \u00a0 und <span style=\"display: inline !important; float: none; background-color: transparent; color: #404040; cursor: text; font-family: 'Open Sans',sans-serif; font-size: 16px; font-style: normal; font-variant: normal; font-weight: 400; letter-spacing: normal; orphans: 2; text-align: left; text-decoration: none; text-indent: 0px; text-transform: none; -webkit-text-stroke-width: 0px; white-space: normal; word-spacing: 0px;\">im Auftrag der REESE Baumanagement GmbH<\/span><\/span><\/p>\n<p><em><strong>(2019-22) CARRE&amp;SOLIT\u00c4R, EDGE S\u00fcdkreuz Berlin &#8218;Sch\u00f6neberger Linse&#8216;<br \/>\n<\/strong><\/em><span style=\"display: inline !important; float: none; background-color: #ffffff; color: #404040; cursor: text; font-family: 'Open Sans',sans-serif; font-size: 16px; font-style: normal; font-variant: normal; font-weight: 400; letter-spacing: normal; orphans: 2; text-align: left; text-decoration: none; text-indent: 0px; text-transform: none; -webkit-text-stroke-width: 0px; white-space: normal; word-spacing: 0px;\">Neubau von zwei 7-geschossigen B\u00fcrogeb\u00e4uden mit einer gemeinsamen geschlossenen Tiefgarage,<\/span><br \/>\n<span class=\"portfolio-item__wrap\">ein B\u00fcroensemble als offenes \u00d6kosystem aus einer modulare Holz-Hybrid-Konstruktion<\/span><br \/>\n<span style=\"display: inline !important; float: none; background-color: #ffffff; color: #404040; cursor: text; font-family: 'Open Sans',sans-serif; font-size: 16px; font-style: normal; font-variant: normal; font-weight: 400; letter-spacing: normal; orphans: 2; text-align: left; text-decoration: none; text-indent: 0px; text-transform: none; -webkit-text-stroke-width: 0px; white-space: normal; word-spacing: 0px;\">Gewerke RLT, HZG, K\u00e4lte, SAN, MSR, ELT, L\u00f6schanlage, K\u00fcchentechnik<\/span><span style=\"display: inline !important; float: none; background-color: #ffffff; color: #404040; cursor: text; font-family: 'Open Sans',sans-serif; font-size: 16px; font-style: normal; font-variant: normal; font-weight: 400; letter-spacing: normal; orphans: 2; text-align: left; text-decoration: none; text-indent: 0px; text-transform: none; -webkit-text-stroke-width: 0px; white-space: normal; word-spacing: 0px;\"><br \/>\nBeratende Begleitung der GU-Vergaben TGA im Cost&amp;Fee-Verfahren, <\/span><span style=\"display: inline !important; float: none; background-color: #ffffff; color: #404040; cursor: text; font-family: 'Open Sans',sans-serif; font-size: 16px; font-style: normal; font-variant: normal; font-weight: 400; letter-spacing: normal; orphans: 2; text-align: left; text-decoration: none; text-indent: 0px; text-transform: none; -webkit-text-stroke-width: 0px; white-space: normal; word-spacing: 0px;\"><span style=\"display: inline !important; float: none; background-color: transparent; color: #404040; cursor: text; font-family: 'Open Sans',sans-serif; font-size: 16px; font-style: normal; font-variant: normal; font-weight: 400; letter-spacing: normal; orphans: 2; text-align: left; text-decoration: none; text-indent: 0px; text-transform: none; -webkit-text-stroke-width: 0px; white-space: normal; word-spacing: 0px;\">der Planungskoordination\u00a0 \u00a0 \u00a0 \u00a0 \u00a0 \u00a0 \u00a0 \u00a0 \u00a0 <\/span><\/span><span style=\"display: inline !important; float: none; background-color: #ffffff; color: #404040; cursor: text; font-family: 'Open Sans',sans-serif; font-size: 16px; font-style: normal; font-variant: normal; font-weight: 400; letter-spacing: normal; orphans: 2; text-align: left; text-decoration: none; text-indent: 0px; text-transform: none; -webkit-text-stroke-width: 0px; white-space: normal; word-spacing: 0px;\"><span style=\"display: inline !important; float: none; background-color: transparent; color: #404040; cursor: text; font-family: 'Open Sans',sans-serif; font-size: 16px; font-style: normal; font-variant: normal; font-weight: 400; letter-spacing: normal; orphans: 2; text-align: left; text-decoration: none; text-indent: 0px; text-transform: none; -webkit-text-stroke-width: 0px; white-space: normal; word-spacing: 0px;\">und unterst\u00fctzendes GU-Management TGA als Bauherrnvertretung SXB 1+2 S.a.r.l im Namen\u00a0\u00a0 \u00a0 \u00a0 \u00a0 \u00a0 \u00a0 \u00a0\u00a0 der REESE Baumanagement GmbH<\/span><br \/>\n<\/span><\/p>\n<p><em><strong>(2020-22) LEO&amp;ALEX, Lichtenberg Berlin<br \/>\n<\/strong><\/em><span style=\"display: inline !important; float: none; background-color: #ffffff; color: #404040; cursor: text; font-family: 'Open Sans',sans-serif; font-size: 16px; font-style: normal; font-variant: normal; font-weight: 400; letter-spacing: normal; orphans: 2; text-align: left; text-decoration: none; text-indent: 0px; text-transform: none; -webkit-text-stroke-width: 0px; white-space: normal; word-spacing: 0px;\">Neubau von zwei 7-geschossigen B\u00fcrogeb\u00e4uden mit jeweils einer offenen Tiefgarage<\/span><br \/>\n<span style=\"display: inline !important; float: none; background-color: #ffffff; color: #404040; cursor: text; font-family: 'Open Sans',sans-serif; font-size: 16px; font-style: normal; font-variant: normal; font-weight: 400; letter-spacing: normal; orphans: 2; text-align: left; text-decoration: none; text-indent: 0px; text-transform: none; -webkit-text-stroke-width: 0px; white-space: normal; word-spacing: 0px;\">Gewerke RLT, HZG, K\u00e4lte, SAN, MSR, ELT<\/span><br \/>\n<span style=\"display: inline !important; float: none; background-color: #ffffff; color: #404040; cursor: text; font-family: 'Open Sans',sans-serif; font-size: 16px; font-style: normal; font-variant: normal; font-weight: 400; letter-spacing: normal; orphans: 2; text-align: left; text-decoration: none; text-indent: 0px; text-transform: none; -webkit-text-stroke-width: 0px; white-space: normal; word-spacing: 0px;\"> GU-Controlling der TGA im Namen des Bauherrn Quantum Immobilien AG<\/span><\/p>\n<p><em><strong>(2017-20) Euler Hermes Campus Neubau, Bahrenfeld Hamburg<br \/>\n<\/strong><\/em><span style=\"display: inline !important; float: none; background-color: #ffffff; color: #404040; cursor: text; font-family: 'Open Sans',sans-serif; font-size: 16px; font-style: normal; font-variant: normal; font-weight: 400; letter-spacing: normal; orphans: 2; text-align: left; text-decoration: none; text-indent: 0px; text-transform: none; -webkit-text-stroke-width: 0px; white-space: normal; word-spacing: 0px;\">Neubau des 5-geschossigen B\u00fcrogeb\u00e4udes mit geschlossener Tiefgarage<\/span><br \/>\n<span style=\"display: inline !important; float: none; background-color: #ffffff; color: #404040; cursor: text; font-family: 'Open Sans',sans-serif; font-size: 16px; font-style: normal; font-variant: normal; font-weight: 400; letter-spacing: normal; orphans: 2; text-align: left; text-decoration: none; text-indent: 0px; text-transform: none; -webkit-text-stroke-width: 0px; white-space: normal; word-spacing: 0px;\">Gewerke RLT, HZG, K\u00e4lte, SAN, MSR, ELT, L\u00f6schanlage, K\u00fcchentechnik<\/span><br \/>\n<span style=\"display: inline !important; float: none; background-color: #ffffff; color: #404040; cursor: text; font-family: 'Open Sans',sans-serif; font-size: 16px; font-style: normal; font-variant: normal; font-weight: 400; letter-spacing: normal; orphans: 2; text-align: left; text-decoration: none; text-indent: 0px; text-transform: none; -webkit-text-stroke-width: 0px; white-space: normal; word-spacing: 0px;\"> GU-Controlling der TGA im Namen des Bauherrn Quantum Immobilien AG<\/span><\/p>\n<p><em><b>(2017-19) Erweiterungsbau des St\u00e4dtischen Klinikums L\u00fcneburg<\/b><strong><br \/>\n<span style=\"display: inline !important; float: none; background-color: transparent; color: #404040; cursor: text; font-family: 'Open Sans',sans-serif; font-size: 16px; font-style: normal; font-variant: normal; font-weight: 400; letter-spacing: normal; orphans: 2; text-align: left; text-decoration: none; text-indent: 0px; text-transform: none; -webkit-text-stroke-width: 0px; white-space: normal; word-spacing: 0px;\">Neubau des 4-geschossigen und unterkellerten Geb\u00e4udes f\u00fcr die Abteilungen<\/span><\/strong><\/em><br \/>\n<span style=\"display: inline !important; float: none; background-color: transparent; color: #404040; cursor: text; font-family: 'Open Sans',sans-serif; font-size: 16px; font-style: normal; font-variant: normal; font-weight: 400; letter-spacing: normal; orphans: 2; text-align: left; text-decoration: none; text-indent: 0px; text-transform: none; -webkit-text-stroke-width: 0px; white-space: normal; word-spacing: 0px;\">Radiologie, Notaufnahme, Intensivmedizin und Pflegestation<\/span><br \/>\n<span style=\"display: inline !important; float: none; background-color: transparent; color: #404040; cursor: text; font-family: 'Open Sans',sans-serif; font-size: 16px; font-style: normal; font-variant: normal; font-weight: 400; letter-spacing: normal; orphans: 2; text-align: left; text-decoration: none; text-indent: 0px; text-transform: none; -webkit-text-stroke-width: 0px; white-space: normal; word-spacing: 0px;\">Bauherrnvertretung des SKL im Namen der REESE Baumanagement GmbH<br \/>\n<\/span><\/p>\n<p><em><strong>(2014-17) Holiday Inn <\/strong><\/em>(<em><strong>Ehem. BP Zentrale), City Nord Hamburg<br \/>\n<span style=\"display: inline !important; float: none; background-color: transparent; color: #404040; cursor: text; font-family: 'Open Sans',sans-serif; font-size: 16px; font-style: normal; font-variant: normal; font-weight: 400; letter-spacing: normal; orphans: 2; text-align: left; text-decoration: none; text-indent: 0px; text-transform: none; -webkit-text-stroke-width: 0px; white-space: normal; word-spacing: 0px;\">Neubau des 19-geschossigen Hotelgeb\u00e4udes mit 297 Zimmer<\/span><\/strong><\/em><br \/>\nGewerke: RLT, HZG, K\u00e4lte, SAN, MSR, ELT, Sprinkler, F\u00f6rdertechnik<br \/>\nProjektsteuerung TGA des Bauherrn TAS GmbH im Namen des Gesamtprojektsteuerer IWB<\/p>\n<p><em><strong>(2016-17) NXP, Eimsb\u00fcttel Hamburg<br \/>\n<\/strong><\/em>Neubau des 5-geschossigen B\u00fcrogeb\u00e4udes mit offener Tiefgarage<br \/>\nGewerke RLT, HZG, K\u00e4lte, SAN, MSR, ELT, Sprinkler<br \/>\nGU-Controlling der TGA im Namen des Bauherrn und des Fachplaners der TGA<\/p>\n<p><em><strong>(2016-17) Zeise II, Altona Hamburg<br \/>\n<\/strong><\/em>Neubau des 6-geschossigen B\u00fcrogeb\u00e4udes mit 3-geschossiger Tiefgarage<br \/>\nGewerke RLT, HZG, K\u00e4lte, SAN, MSR, ELT, F\u00f6rdertechnik<br \/>\nGU-Controlling der TGA im Namen des Bauherrn und des Fachplaners der TGA<\/p>\n<p><em><strong>(2013-16) Telekom<\/strong><\/em> (<em><strong>Ehem. BP Zentrale) ,City Nord Hamburg<br \/>\n<\/strong><\/em>Neubau des 9-geschossigen B\u00fcrogeb\u00e4udes mit Tiefgarage<br \/>\nGewerke RLT, HZG, K\u00e4lte, SAN, MSR, ELT, F\u00f6rdertechnik<br \/>\nProjektsteuerung TGA des Bauherrn TAS GmbH im Namen des Gesamtprojektsteuerer IWB<\/p>\n<p><em><strong>(2012-13) Allianz Tower<\/strong><\/em> (<em><strong>Ehem. ESSO Zentrale) ,City Nord Hamburg<br \/>\n<\/strong><\/em>Revitalisierung des 9-geschossigen B\u00fcrogeb\u00e4udes<br \/>\nGewerke: RLT, HZG, K\u00e4lte, SAN, MSR<br \/>\nObjekt\u00fcberwachung im Namen des Bauherrn TAS GmbH und des Fachplaners der TGA<\/p>\n<p><em><strong>(2011-12) Hotel 25 hours, Hafen City Hamburg<\/strong><\/em><br \/>\n1. \u00dcberseequartier SPV 11<br \/>\nNeubau eines 6-geschossigen Hotelgeb\u00e4udes<br \/>\n2. \u00dcberseequartier SPV 5<br \/>\nNeubau eines 6 geschossigen Wohngeb\u00e4udes<br \/>\nGewerke: RLT, HZG, K\u00e4lte, SAN, MSR, ELT, Sprinkler, F\u00f6rdertechnik<br \/>\nObjekt\u00fcberwachung im Namen des Bauherrn und des Fachplaners der TGA<\/p>\n<p><em><strong>(2010-11) Sumatra-Kontor, Hafen City Hamburg<\/strong><\/em><br \/>\n1. \u00dcberseequartier SPV 1-3 als<br \/>\nNeubau eines 9-geschossigen B\u00fcro- und Gewerbegeb\u00e4udes<br \/>\n2. \u00dcberseequartier SPV 4<br \/>\nNeubau eines 6 geschossigen Wohngeb\u00e4udes<br \/>\nGewerke: RLT, HZG, K\u00e4lte, SAN, MSR, ELT, Sprinkler, F\u00f6rdertechnik<br \/>\nObjekt\u00fcberwachung und Risikomanagement im Namen des Bauherrn und des Fachplaners der TGA<\/p>\n<p>_________________________________________________________________________<\/p>\n<p><strong><em>2005 Park- und Handelshaus Bahnhof Altona, HH<\/em><\/strong><br \/>\nUmbau des Bahnhofgeb\u00e4udes Ladenpassage mit Neubau eines Parkhauses<br \/>\nGewerke: RLT\/MSR\/HZG\/K\u00c4LTE\/SAN\/ELT<br \/>\nals Gesamtprojektleiter<\/p>\n<p><strong><em>2004 Hauptbahnhof Bremen<\/em><\/strong><br \/>\nBegleitung der ARGE-Nachtragsverhandlungen<br \/>\nf\u00fcr die Gewerke: RLT\/MSR\/HZG\/K\u00c4LTE\/SAN\/ELT<br \/>\nals Projektleiter<\/p>\n<p><strong><em>2002 Apartment, HH-Holzhafen\u00a0<\/em><\/strong><br \/>\nNeubau eines Boarding-house<br \/>\nGewerke: RLT\/MSR\/HZG\/K\u00c4LTE\/SAN\/ELT<br \/>\nals Gesamtprojektleiter<\/p>\n<p><em><strong>2002 B\u00fcrogeb\u00e4ude Shell-Haus \/ HMM, HH- City Nord<\/strong><\/em><strong>\u00a0<\/strong><br \/>\nUmbau eines 14 geschossigen B\u00fcrogeb\u00e4udes<br \/>\nGewerke: RLT\/ MSR\/HZG\/K\u00c4LTE<br \/>\nals Gesamtprojektleiter<\/p>\n<p><em><strong>2001 Richard-Reme-Haus, HH-Volksdorf<\/strong><\/em><strong>\u00a0<\/strong><br \/>\nNeubau einer Tagesklinik<br \/>\nGewerke: RLT\/ MSR<br \/>\nals Projektleiter<\/p>\n<p><em><strong>2000 Amalie-Sieveking Krhs, HH-Volksdorf<\/strong><\/em><strong><br \/>\n<\/strong>Umbau eines Krankenhauses, TZ und OP im Betrieb<br \/>\nGewerke: RLT\/ MSR<br \/>\nals Projektleiter<\/p>\n<p><strong><em>1999 Einkaufszentrum, Elmshorn<\/em><\/strong><br \/>\nNeubau eines Einkaufszentrums mit einem Kino<br \/>\nGewerke: RLT\/ MSR\/K\u00c4LTE<br \/>\nals Projektleiter<\/p>\n<p><em><strong>1998 Fachmarktzentrum, G\u00f6ttingen<\/strong><\/em><strong>\u00a0<\/strong><br \/>\nNeubau eines Einkaufszentrums<br \/>\nGewerke: RLT\/ MSR\/HZG\/SAN\/K\u00c4LTE<br \/>\nals Gesamtprojektleiter<\/p>\n<p><em><strong>1997 Max-Liebermann-Haus , Pariser Platz, Berlin<\/strong><\/em><br \/>\nNeubau eines Ausstellungs- und B\u00fcrogeb\u00e4udes<br \/>\nGewerke: RLT\/ SAN \/HZG\/ K\u00e4lte<br \/>\nals Gesamtprojektleiter<\/p>\n<p><strong><em>1996 Forum K\u00f6penick, Berlin<\/em><\/strong><br \/>\nNeubau eines Einkaufszentrums<br \/>\nProjektsachbearbeiter Gewerke: RLT\/ MSR<\/p>\n<p><em><strong>1995 Reha-Klinik Teltow\/ Berlin<\/strong><\/em><br \/>\nNeubau eines Reha-Zentrums der BFA Berlin<br \/>\nProjektsachbearbeiter Gewerke: RLT\/ MSR<\/p>\n<p>u.v. mehr<\/p>\n<p><img loading=\"lazy\" decoding=\"async\" src=\"http:\/\/pm-tga.de\/referenzen.jpg\" width=\"217\" height=\"86\" align=\"right\" border=\"0\" \/><\/p>\n","protected":false},"excerpt":{"rendered":"<p>Referenzen (Ausf\u00fchrung\/Fertigstellung): (2024-25) Aromengb\u00e4ude 6 in Henstedt-Ulzburg Neubau einer Produktionshalle Gewerke HZG, K\u00e4lte, SAN Projektbearbeitung in der Gewerkeausf\u00fchrung und Inbetriebnahme f\u00fcr die Firma Berger &amp; Co.\u00a0GmbH (2023-24) JAZZ, Baufeld 84 in der HafenCity Hamburg Neubau von sieben 7-geschossigen Wohngeb\u00e4uden mit Gewerbefl\u00e4chen im EG+ZG\u00a0 \u00a0 \u00a0 \u00a0 \u00a0 \u00a0 \u00a0 \u00a0 \u00a0 \u00a0 \u00a0 \u00a0 \u00a0 <a class=\"more-link\" href=\"https:\/\/pm-tga.de\/wordpress\/referenzen\/\">Weiterlesen\u00a0\u2026<\/a><\/p>\n","protected":false},"author":1002,"featured_media":0,"parent":0,"menu_order":0,"comment_status":"closed","ping_status":"closed","template":"","meta":{"footnotes":""},"class_list":["post-11","page","type-page","status-publish","hentry"],"_links":{"self":[{"href":"https:\/\/pm-tga.de\/wordpress\/wp-json\/wp\/v2\/pages\/11","targetHints":{"allow":["GET"]}}],"collection":[{"href":"https:\/\/pm-tga.de\/wordpress\/wp-json\/wp\/v2\/pages"}],"about":[{"href":"https:\/\/pm-tga.de\/wordpress\/wp-json\/wp\/v2\/types\/page"}],"author":[{"embeddable":true,"href":"https:\/\/pm-tga.de\/wordpress\/wp-json\/wp\/v2\/users\/1002"}],"replies":[{"embeddable":true,"href":"https:\/\/pm-tga.de\/wordpress\/wp-json\/wp\/v2\/comments?post=11"}],"version-history":[{"count":38,"href":"https:\/\/pm-tga.de\/wordpress\/wp-json\/wp\/v2\/pages\/11\/revisions"}],"predecessor-version":[{"id":442,"href":"https:\/\/pm-tga.de\/wordpress\/wp-json\/wp\/v2\/pages\/11\/revisions\/442"}],"wp:attachment":[{"href":"https:\/\/pm-tga.de\/wordpress\/wp-json\/wp\/v2\/media?parent=11"}],"curies":[{"name":"wp","href":"https:\/\/api.w.org\/{rel}","templated":true}]}}