{"id":15,"date":"2017-08-09T17:08:31","date_gmt":"2017-08-09T15:08:31","guid":{"rendered":"http:\/\/pm-tga.de\/wordpress\/?page_id=15"},"modified":"2017-10-16T11:26:59","modified_gmt":"2017-10-16T09:26:59","slug":"impressum","status":"publish","type":"page","link":"https:\/\/pm-tga.de\/wordpress\/impressum\/","title":{"rendered":"Impressum"},"content":{"rendered":"<p><img loading=\"lazy\" decoding=\"async\" class=\"size-full wp-image-45 alignright\" src=\"https:\/\/pm-tga.de\/wordpress\/wp-content\/uploads\/logo_tga2-1.jpg\" alt=\"\" width=\"190\" height=\"102\" \/><\/p>\n<p>&nbsp;<\/p>\n<p>&nbsp;<\/p>\n<p>&nbsp;<\/p>\n<p><strong>Inhaber der Domain und verantwortlich f\u00fcr den Inhalt ist:<\/strong><\/p>\n<p>PM-TGA<br \/>\nProjektmanagement<br \/>\nHerr Udo Kr\u00e4mer<br \/>\nBr\u00fcckensteig 3<br \/>\n21339 L\u00fcneburg<\/p>\n<p>Tel. 04131 \/ 9696813<br \/>\nFax 04131 \/ 9696814<br \/>\nMail:\u00a0\u00a0 Bitte verwenden Sie unser <a href=\"https:\/\/pm-tga.de\/wordpress\/kontakt\">Kontaktformular<\/a><\/p>\n<p>Inhaber: Udo Kr\u00e4mer<br \/>\nRegistergericht: L\u00fcneburg<br \/>\nUmsatzst. ID gem\u00e4\u00df \u00a7 27a Umsatzsteuergesetz:<br \/>\nSteuernummer 33\/124\/07380<br \/>\nUSt-IdNr.: DE 270328826<\/p>\n<p><em><strong>\u00a0<\/strong><\/em><\/p>\n<p>F\u00fcr den Inhalt auf extern gelinkte Internetseiten ist der jeweilige Betreiber selbst verantwortlich.<\/p>\n<p>&nbsp;<\/p>\n","protected":false},"excerpt":{"rendered":"<p>&nbsp; &nbsp; &nbsp; Inhaber der Domain und verantwortlich f\u00fcr den Inhalt ist: PM-TGA Projektmanagement Herr Udo Kr\u00e4mer Br\u00fcckensteig 3 21339 L\u00fcneburg Tel. 04131 \/ 9696813 Fax 04131 \/ 9696814 Mail:\u00a0\u00a0 Bitte verwenden Sie unser Kontaktformular Inhaber: Udo Kr\u00e4mer Registergericht: L\u00fcneburg Umsatzst. ID gem\u00e4\u00df \u00a7 27a Umsatzsteuergesetz: Steuernummer 33\/124\/07380 USt-IdNr.: DE 270328826 \u00a0 F\u00fcr den Inhalt <a class=\"more-link\" href=\"https:\/\/pm-tga.de\/wordpress\/impressum\/\">Weiterlesen\u00a0\u2026<\/a><\/p>\n","protected":false},"author":1002,"featured_media":0,"parent":0,"menu_order":0,"comment_status":"closed","ping_status":"closed","template":"","meta":{"footnotes":""},"class_list":["post-15","page","type-page","status-publish","hentry"],"_links":{"self":[{"href":"https:\/\/pm-tga.de\/wordpress\/wp-json\/wp\/v2\/pages\/15","targetHints":{"allow":["GET"]}}],"collection":[{"href":"https:\/\/pm-tga.de\/wordpress\/wp-json\/wp\/v2\/pages"}],"about":[{"href":"https:\/\/pm-tga.de\/wordpress\/wp-json\/wp\/v2\/types\/page"}],"author":[{"embeddable":true,"href":"https:\/\/pm-tga.de\/wordpress\/wp-json\/wp\/v2\/users\/1002"}],"replies":[{"embeddable":true,"href":"https:\/\/pm-tga.de\/wordpress\/wp-json\/wp\/v2\/comments?post=15"}],"version-history":[{"count":8,"href":"https:\/\/pm-tga.de\/wordpress\/wp-json\/wp\/v2\/pages\/15\/revisions"}],"predecessor-version":[{"id":325,"href":"https:\/\/pm-tga.de\/wordpress\/wp-json\/wp\/v2\/pages\/15\/revisions\/325"}],"wp:attachment":[{"href":"https:\/\/pm-tga.de\/wordpress\/wp-json\/wp\/v2\/media?parent=15"}],"curies":[{"name":"wp","href":"https:\/\/api.w.org\/{rel}","templated":true}]}}