{"id":7,"date":"2017-08-09T17:07:18","date_gmt":"2017-08-09T15:07:18","guid":{"rendered":"http:\/\/pm-tga.de\/wordpress\/?page_id=7"},"modified":"2017-10-17T17:06:32","modified_gmt":"2017-10-17T15:06:32","slug":"wir-bieten","status":"publish","type":"page","link":"https:\/\/pm-tga.de\/wordpress\/wir-bieten\/","title":{"rendered":"Wir bieten"},"content":{"rendered":"<p>&nbsp;<\/p>\n<h5><span style=\"font-family: Arial; font-size: small;\">Unsere Philosophie:<span style=\"color: #103550; font-family: Arial;\"><b>&#8222;Vertr\u00e4ge muss man leben&#8220;<\/b><\/span><\/span><\/h5>\n<h5><span style=\"font-size: small;\">Vertr\u00e4ge sind eine dynamische Grundlage f\u00fcr die Zusammenarbeit der Auftraggeber und Auftragnehmer, regeln die Rechte und die Pflichten und sind die Basis der Kommunikation zwischen den Vertragspartnern.<\/span><\/h5>\n<h1>Wir bieten<\/h1>\n<p><span style=\"font-family: Arial; font-size: small;\">Wir pr\u00fcfen Ihre Vertr\u00e4ge<b> <\/b>und f\u00fchren eine <span style=\"color: #103550;\"><b>Risikoanalyse<\/b><\/span> durch, wenn <span style=\"color: #103550;\"><b>SIE<\/b> <\/span>es w\u00fcnschen.<br \/>\nWir k\u00fcmmern uns um Ihr <span style=\"color: #103550;\"><b>Zeitmanagement<\/b><\/span>, in dem wir die termingerechte und ordnungsgem\u00e4\u00dfe Ausf\u00fchrung der Arbeiten auf der Baustelle und im B\u00fcro \u00fcberwachen und f\u00fchren f\u00fcr <span style=\"color: #103550;\"><b> SIE<\/b><\/span> die <b><span style=\"color: #103550;\">Qualit\u00e4tskontrolle<\/span><\/b> durch.<br \/>\nDie Mehrleistungen und ge\u00e4nderten Leistungen m\u00fcssen angemeldet und als Nachtr\u00e4ge aufgestellt werden. Die erbrachten Leistungen m\u00fcssen abgerechnet, Nachweise erbracht und die Fristen eingehalten werden.<br \/>\nWir unterst\u00fctzen Ihr <span style=\"color: #103550;\"><b>Forderungsmanagement<\/b><\/span>, wenn <span style=\"color: #103550;\"><b>SIE<\/b> <\/span>es w\u00fcnschen.<\/span><\/p>\n<p><span style=\"font-family: Arial; font-size: small;\">Ihr Nutzen ist unser Ziel; <\/span><span style=\"font-family: Arial;\"><b> <span style=\"color: #103550;\">\u00a0 Geld verdienen durch Qualit\u00e4tsarbeit!<\/span><\/b><\/span><\/p>\n<p><b><span style=\"color: #103550; font-family: Arial; font-size: small;\">Wir bieten:<\/span><\/b><\/p>\n<ul>\n<li style=\"list-style-type: none;\">\n<ul>\n<li style=\"list-style-type: none;\">\n<ul>\n<li><span style=\"font-family: Arial; font-size: small;\">Chancen &amp; Risikobetrachtung<\/span><\/li>\n<li><span style=\"font-family: Arial; font-size: small;\">Qualit\u00e4tskontrolle<\/span><\/li>\n<li><span style=\"font-family: Arial; font-size: small;\">Vertragspr\u00fcfung<\/span><\/li>\n<li><span style=\"font-family: Arial; font-size: small;\">Termin\u00fcberwachung<\/span><\/li>\n<li><span style=\"font-family: Arial; font-size: small;\">Forderungsmanagement<\/span><\/li>\n<li><span style=\"font-family: Arial; font-size: small;\">Projektleitung<\/span><\/li>\n<li><span style=\"font-family: Arial; font-size: small;\">Langj\u00e4hrige Erfahrung <\/span><span style=\"font-family: Arial; font-size: small;\"><span style=\"color: #103550; font-family: Arial;\"><b><img loading=\"lazy\" decoding=\"async\" class=\"size-full wp-image-43 alignright\" src=\"https:\/\/pm-tga.de\/wordpress\/wp-content\/uploads\/bieten.jpg\" alt=\"\" width=\"217\" height=\"86\" \/><\/b><\/span><\/span><\/li>\n<\/ul>\n<\/li>\n<\/ul>\n<\/li>\n<\/ul>\n","protected":false},"excerpt":{"rendered":"<p>&nbsp; Unsere Philosophie:&#8222;Vertr\u00e4ge muss man leben&#8220; Vertr\u00e4ge sind eine dynamische Grundlage f\u00fcr die Zusammenarbeit der Auftraggeber und Auftragnehmer, regeln die Rechte und die Pflichten und sind die Basis der Kommunikation zwischen den Vertragspartnern. Wir bieten Wir pr\u00fcfen Ihre Vertr\u00e4ge und f\u00fchren eine Risikoanalyse durch, wenn SIE es w\u00fcnschen. Wir k\u00fcmmern uns um Ihr Zeitmanagement, in <a class=\"more-link\" href=\"https:\/\/pm-tga.de\/wordpress\/wir-bieten\/\">Weiterlesen\u00a0\u2026<\/a><\/p>\n","protected":false},"author":1002,"featured_media":0,"parent":0,"menu_order":0,"comment_status":"closed","ping_status":"closed","template":"","meta":{"footnotes":""},"class_list":["post-7","page","type-page","status-publish","hentry"],"_links":{"self":[{"href":"https:\/\/pm-tga.de\/wordpress\/wp-json\/wp\/v2\/pages\/7","targetHints":{"allow":["GET"]}}],"collection":[{"href":"https:\/\/pm-tga.de\/wordpress\/wp-json\/wp\/v2\/pages"}],"about":[{"href":"https:\/\/pm-tga.de\/wordpress\/wp-json\/wp\/v2\/types\/page"}],"author":[{"embeddable":true,"href":"https:\/\/pm-tga.de\/wordpress\/wp-json\/wp\/v2\/users\/1002"}],"replies":[{"embeddable":true,"href":"https:\/\/pm-tga.de\/wordpress\/wp-json\/wp\/v2\/comments?post=7"}],"version-history":[{"count":20,"href":"https:\/\/pm-tga.de\/wordpress\/wp-json\/wp\/v2\/pages\/7\/revisions"}],"predecessor-version":[{"id":349,"href":"https:\/\/pm-tga.de\/wordpress\/wp-json\/wp\/v2\/pages\/7\/revisions\/349"}],"wp:attachment":[{"href":"https:\/\/pm-tga.de\/wordpress\/wp-json\/wp\/v2\/media?parent=7"}],"curies":[{"name":"wp","href":"https:\/\/api.w.org\/{rel}","templated":true}]}}