{"id":9,"date":"2017-08-09T17:07:32","date_gmt":"2017-08-09T15:07:32","guid":{"rendered":"http:\/\/pm-tga.de\/wordpress\/?page_id=9"},"modified":"2024-08-05T09:33:28","modified_gmt":"2024-08-05T07:33:28","slug":"profil","status":"publish","type":"page","link":"https:\/\/pm-tga.de\/wordpress\/profil\/","title":{"rendered":"Profil"},"content":{"rendered":"<h1><\/h1>\n<h1>Beruflicher Werdegang<img loading=\"lazy\" decoding=\"async\" class=\"wp-image-426 size-medium alignright\" src=\"https:\/\/pm-tga.de\/wordpress\/wp-content\/uploads\/2024-07-26-Udo-4-189x300.jpg\" alt=\"\" width=\"189\" height=\"300\" srcset=\"https:\/\/pm-tga.de\/wordpress\/wp-content\/uploads\/2024-07-26-Udo-4-189x300.jpg 189w, https:\/\/pm-tga.de\/wordpress\/wp-content\/uploads\/2024-07-26-Udo-4-647x1024.jpg 647w, https:\/\/pm-tga.de\/wordpress\/wp-content\/uploads\/2024-07-26-Udo-4.jpg 725w\" sizes=\"auto, (max-width: 189px) 100vw, 189px\" \/><\/h1>\n<p>Durch meine dreij\u00e4hrige Ausbildung zum Heizungs- und L\u00fcftungsbauer und der anschie\u00dfenden Berufserfahrung als Geselle in der Montage und dem Kundendienst, legte ich die Grundlage f\u00fcr meinen erfolgreichen Abschluss als staatlich gepr\u00fcfter Techniker f\u00fcr Heizung, Klima und L\u00fcftungstechnik im Jahre 1995.<\/p>\n<p>In den Folgejahren sammelte ich technische und kaufm\u00e4nnische Erfahrungen bei verschiedenen namhaften Unternehmen der technischen Geb\u00e4udeausr\u00fcstung, der Wolfferts GmbH NL Berlin, der Krantz TKT GmbH NL Hamburg und der Imtech GmbH NL Hamburg. Als Projektleiter, mit Schwerpunkt Klima und L\u00fcftung, betreute ich unterschiedlichste Projekte, vom Kleinstprojekt beim Axel Springer Verlag in Hamburg, \u00fcber anspruchsvolle Projekte wie dem OP-Umbau am Amalie-Sieveking-Krankenhaus HH bis hin zum Bau mehrerer\u00a0 Einkaufszentren in Berlin K\u00f6penick und G\u00f6ttingen sowie dem Umbau des Hamburger Bahnhofs in Altona. Die Schwerpunkte lagen hierbei anf\u00e4nglich im Bereich der Klima- und L\u00fcftungstechnik in den Einkaufszentren G\u00f6ttingen und Altona, als Gesamtprojektleiter TGA .<\/p>\n<p>In der Zeit von 1998 \u2013 2006 bildete ich mich neben meinen Projekt- und F\u00fchrungsaufgaben zum Projekt-Management-Fachmann, Sachkundigen f\u00fcr Hygienet\u00e4tigkeiten und letztlich zum Betriebswirt des Handwerks weiter. Ich besuchte Seminare wie Arbeitsschutz-Management f\u00fcr F\u00fchrungskr\u00e4fte sowie Fortbildungen im Bereich F\u00fchrungskr\u00e4ftetraining und Managemententwicklung.<\/p>\n<p>Mit dem Unternehmenswechsel in 2002 \u00fcbernahm ich F\u00fchrungsaufgaben in einem Gro\u00dfunternehmen in der technischen Geb\u00e4udeausr\u00fcstung und die Leitung des Anlagenbaus mit Personalverantwortung f\u00fcr bis zu 90 Mitarbeiter. Als Mitglied des F\u00fchrungskreises hatte ich zudem \u00fcbergreifende Aufgaben in der Personalentwicklung und Erstellung von Markt- und Vertriebsstrategien.<\/p>\n<p>Nach Abschluss meines Studiums zum Betriebswirt in 2006 wechselte ich als kaufm\u00e4nnischer Leiter in den Unternehmensverbund der Firmen Tiefbau, Kabelbau, Umwelttechnik -TKU GmbH und Leit- und Sicherungstechnik- LST GmbH.<br \/>\nAls zertifiziertes Unternehmen f\u00fchrten wir spezielle Arbeiten an schienengebundenen Verkehrssystemen als Auftragnehmer der Deutschen Bahn AG, aus. Mein Aufgabenbereich umfasste die F\u00fchrung der kaufm\u00e4nnischen Bereiche Lohn- und Finanzbuchhaltung, Einkauf und Projektabrechnung sowie die \u00dcberwachung der Angebotsbearbeitung und Vertragsgestaltung mit den Auftragsgebern.<\/p>\n<p>Im Jahr 2010 folgte ich dem Ruf der Baubranche und startete in die Selbst\u00e4ndigkeit im Gro\u00dfprojektgesch\u00e4ft der TGA im Bereich der<\/p>\n<ul>\n<li>Objekt\u00fcberwachung<\/li>\n<li>Risikomanagement<\/li>\n<li>Projektsteuerung<\/li>\n<li>GU-Controlling<\/li>\n<\/ul>\n<p><img loading=\"lazy\" decoding=\"async\" class=\" wp-image-46 alignright\" src=\"https:\/\/pm-tga.de\/wordpress\/wp-content\/uploads\/profil.jpg\" alt=\"\" width=\"186\" height=\"100\" \/><\/p>\n","protected":false},"excerpt":{"rendered":"<p>Beruflicher Werdegang Durch meine dreij\u00e4hrige Ausbildung zum Heizungs- und L\u00fcftungsbauer und der anschie\u00dfenden Berufserfahrung als Geselle in der Montage und dem Kundendienst, legte ich die Grundlage f\u00fcr meinen erfolgreichen Abschluss als staatlich gepr\u00fcfter Techniker f\u00fcr Heizung, Klima und L\u00fcftungstechnik im Jahre 1995. In den Folgejahren sammelte ich technische und kaufm\u00e4nnische Erfahrungen bei verschiedenen namhaften Unternehmen <a class=\"more-link\" href=\"https:\/\/pm-tga.de\/wordpress\/profil\/\">Weiterlesen\u00a0\u2026<\/a><\/p>\n","protected":false},"author":1002,"featured_media":0,"parent":0,"menu_order":0,"comment_status":"closed","ping_status":"closed","template":"","meta":{"footnotes":""},"class_list":["post-9","page","type-page","status-publish","hentry"],"_links":{"self":[{"href":"https:\/\/pm-tga.de\/wordpress\/wp-json\/wp\/v2\/pages\/9","targetHints":{"allow":["GET"]}}],"collection":[{"href":"https:\/\/pm-tga.de\/wordpress\/wp-json\/wp\/v2\/pages"}],"about":[{"href":"https:\/\/pm-tga.de\/wordpress\/wp-json\/wp\/v2\/types\/page"}],"author":[{"embeddable":true,"href":"https:\/\/pm-tga.de\/wordpress\/wp-json\/wp\/v2\/users\/1002"}],"replies":[{"embeddable":true,"href":"https:\/\/pm-tga.de\/wordpress\/wp-json\/wp\/v2\/comments?post=9"}],"version-history":[{"count":52,"href":"https:\/\/pm-tga.de\/wordpress\/wp-json\/wp\/v2\/pages\/9\/revisions"}],"predecessor-version":[{"id":427,"href":"https:\/\/pm-tga.de\/wordpress\/wp-json\/wp\/v2\/pages\/9\/revisions\/427"}],"wp:attachment":[{"href":"https:\/\/pm-tga.de\/wordpress\/wp-json\/wp\/v2\/media?parent=9"}],"curies":[{"name":"wp","href":"https:\/\/api.w.org\/{rel}","templated":true}]}}